{"id":565,"date":"2026-02-21T05:12:09","date_gmt":"2026-02-21T05:12:09","guid":{"rendered":"https:\/\/niebrowar.pl\/?page_id=565"},"modified":"2026-02-21T10:11:37","modified_gmt":"2026-02-21T10:11:37","slug":"regulamin","status":"publish","type":"page","link":"https:\/\/niebrowar.pl\/index.php\/regulamin\/","title":{"rendered":"Regulamin"},"content":{"rendered":"\t\t<div data-elementor-type=\"wp-page\" data-elementor-id=\"565\" class=\"elementor elementor-565\">\n\t\t\t\t\t\t<section class=\"elementor-section elementor-top-section elementor-element elementor-element-defdfc7 elementor-section-boxed elementor-section-height-default elementor-section-height-default\" data-id=\"defdfc7\" data-element_type=\"section\" data-e-type=\"section\">\n\t\t\t\t\t\t<div class=\"elementor-container elementor-column-gap-default\">\n\t\t\t\t\t<div class=\"elementor-column elementor-col-100 elementor-top-column elementor-element elementor-element-0440f4e\" data-id=\"0440f4e\" data-element_type=\"column\" data-e-type=\"column\">\n\t\t\t<div class=\"elementor-widget-wrap elementor-element-populated\">\n\t\t\t\t\t\t<div class=\"elementor-element elementor-element-33b5ec2 elementor-widget elementor-widget-text-editor\" data-id=\"33b5ec2\" data-element_type=\"widget\" data-e-type=\"widget\" data-widget_type=\"text-editor.default\">\n\t\t\t\t<div class=\"elementor-widget-container\">\n\t\t\t\t\t\t\t\t\t<p style=\"text-align: center\"><span style=\"color: #ff0000\"><strong>Regulamin Sklepu Internetowego\u00a0<span style=\"font-size: 14px\">obowi\u0105zuj\u0105cy od dnia publikacji<\/span><\/strong><\/span><\/p><p><strong>\u00a7 1. Postanowienia og\u00f3lne<\/strong><\/p><p style=\"padding-left: 40px\">1. Niniejszy Regulamin okre\u015bla zasady korzystania ze Sklepu Internetowego dost\u0119pnego pod\u00a0\u00a0<span style=\"font-size: 14px\">adresem <a href=\"https:\/\/niebrowar.pl\">https:\/\/www.niebrowar.pl\/,<\/a> prowadzonego przez dobish@prus sp\u00f3\u0142ka z ograniczon\u0105\u00a0\u00a0<\/span><span style=\"font-size: 14px\">odpowiedzialno\u015bci\u0105 z siedzib\u0105 w 47-430 Rudy ul. Rogera 3a NIP: 6392021022, REGON\u00a0\u00a0<\/span><span style=\"font-size: 14px\">387510528, KRS 0000869563<\/span><\/p><p style=\"padding-left: 40px\">2. Regulamin jest skierowany do Konsument\u00f3w i Przedsi\u0119biorc\u00f3w kupuj\u0105cych w Sklepie.<\/p><p style=\"padding-left: 40px\">3. Sklep prowadzi sprzeda\u017c napoj\u00f3w alkoholowych wy\u0142\u0105cznie osobom pe\u0142noletnim, zgodnie z \u00a7\u00a0<span style=\"font-size: 14px\">5.<\/span><\/p><p style=\"padding-left: 40px\">4. Warunkiem z\u0142o\u017cenia zam\u00f3wienia jest akceptacja Regulaminu.<\/p><p><strong>\u00a7 2. Definicje<\/strong><\/p><ul><li style=\"list-style-type: none\"><ul><li>Sklep \u2013 sklep internetowy www.niebrowar.pl.<\/li><li>Platforma \/ Sklep \u2013 serwis internetowy dost\u0119pny pod adresem https:\/\/www.niebrowar.pl\/, <span style=\"font-size: 14px\">umo\u017cliwiaj\u0105cy Klientom sk\u0142adanie zam\u00f3wie\u0144.<\/span><\/li><li>Sprzedawca \u2013 dobish@prus sp\u00f3\u0142ka z ograniczon\u0105 odpowiedzialno\u015bci\u0105 z siedzib\u0105 w 47-430 <span style=\"font-size: 14px\">Rudy ul. Rogera 3a NIP: 6392021022, REGON 387510528, KRS 0000869563<\/span><\/li><li>Klient \u2013 osoba sk\u0142adaj\u0105ca zam\u00f3wienie.<\/li><li>U\u017cytkownik \u2013 osoba korzystaj\u0105ca ze strony Sklepu.<\/li><li>Towar \u2013 napoje alkoholowe i inne produkty oferowane przez Sklep.<\/li><li>Zam\u00f3wienie \u2013 o\u015bwiadczenie Klienta zmierzaj\u0105ce do zawarcia umowy.<\/li><li>Umowa \u2013 umowa sprzeda\u017cy Towaru zawierana pomi\u0119dzy Sprzedawc\u0105 a Klientem.<\/li><li>Pe\u0142nomocnik \u2013 osoba dostarczaj\u0105ca Towar i weryfikuj\u0105ca wiek Klienta.<\/li><\/ul><\/li><\/ul><p><strong>\u00a7 3. Zakres dzia\u0142ania Sklepu<\/strong><\/p><p style=\"padding-left: 40px\">1. Sklep prowadzi sprzeda\u017c na terytorium Polski oraz Unii Europejskiej.<\/p><p style=\"padding-left: 40px\">2. Odbi\u00f3r osobisty mo\u017cliwy jest w godzinach pracy pizzerii w 47-430 Rudy ul. Rogera 3a .<\/p><p style=\"padding-left: 40px\">3. Zakup mo\u017cliwy jest z rejestracj\u0105 lub bez zak\u0142adania konta.<\/p><p><strong>\u00a7 4. Zezwolenia alkoholowe<\/strong><\/p><p style=\"padding-left: 40px\">1. Sprzedawca posiada wymagane prawem zezwolenia:\u00a0<span style=\"font-size: 14px\">o Numery zezwole\u0144: Nr: ORSO.7340.3.2021\u00a0<\/span><span style=\"font-size: 14px\">o Organ wydaj\u0105cy: Burmistrz Gminy\u00a0 Ku\u017ania Raciborska<\/span><\/p><ul><li style=\"list-style-type: none\"><ul><li style=\"list-style-type: none\"><ul><li>Zakres kategorii alkoholu: napoje do 4,5% zawarto\u015bci alkoholu oraz piwo<\/li><\/ul><\/li><\/ul><\/li><\/ul><p style=\"padding-left: 40px\">2. Sprzeda\u017c odbywa si\u0119 zgodnie z ustaw\u0105 o wychowaniu w trze\u017awo\u015bci.<\/p><p><strong>\u00a7 5. Weryfikacja wieku<\/strong><\/p><p style=\"padding-left: 40px\">1. Zakupu mog\u0105 dokonywa\u0107 jedynie osoby, kt\u00f3re uko\u0144czy\u0142y 18 lat.<\/p><p style=\"padding-left: 40px\">2. Podczas sk\u0142adania zam\u00f3wienia Klient potwierdza pe\u0142noletno\u015b\u0107 poprzez checkbox.<\/p><p style=\"padding-left: 40px\">3. Wiek jest obowi\u0105zkowo weryfikowany przy dostawie przez kuriera lub Pe\u0142nomocnika.<\/p><p style=\"padding-left: 40px\">4. Odmowa okazania dokumentu to\u017csamo\u015bci uniemo\u017cliwia wydanie przesy\u0142ki.<\/p><p><strong>\u00a7 6. Zam\u00f3wienia<\/strong><\/p><p style=\"padding-left: 40px\">1. Zam\u00f3wienia mo\u017cna sk\u0142ada\u0107 ca\u0142odobowo przez stron\u0119 internetow\u0105 Sklepu.<\/p><p style=\"padding-left: 40px\">2. Warunkiem realizacji zam\u00f3wienia jest prawid\u0142owe uzupe\u0142nienie formularza oraz p\u0142atno\u015b\u0107\u00a0<span style=\"font-size: 14px\">(chyba \u017ce wybrano pobranie).<\/span><\/p><p style=\"padding-left: 40px\">3. Klient otrzymuje na e-mail potwierdzenie z\u0142o\u017cenia zam\u00f3wienia.<\/p><p style=\"padding-left: 40px\">4. Sprzedawca mo\u017ce odm\u00f3wi\u0107 realizacji zam\u00f3wienia, je\u015bli:<\/p><ul><li style=\"list-style-type: none\"><ul><li style=\"list-style-type: none\"><ul><li><span style=\"font-size: 14px\">dane s\u0105 b\u0142\u0119dne,<\/span><\/li><li><span style=\"font-size: 14px\">Klient nie potwierdzi pe\u0142noletno\u015bci, <\/span><span style=\"font-size: 14px\">o dostawa alkoholu na wskazany adres jest niedopuszczalna.<\/span><\/li><\/ul><\/li><\/ul><\/li><\/ul><p><strong>\u00a7 7. Ceny i p\u0142atno\u015bci<\/strong><\/p><p style=\"padding-left: 40px\">1. Wszystkie ceny s\u0105 cenami brutto.<\/p><p style=\"padding-left: 40px\">2. Dost\u0119pne metody p\u0142atno\u015bci:<\/p><ul><li style=\"list-style-type: none\"><ul><li style=\"list-style-type: none\"><ul><li>przelew tradycyjny,<\/li><li>szybkie p\u0142atno\u015bci online,<\/li><li>karta p\u0142atnicza,<\/li><li>BLIK,<\/li><li>p\u0142atno\u015b\u0107 przy odbiorze.<\/li><\/ul><\/li><\/ul><\/li><\/ul><p><strong>\u00a7 8. Dostawa<\/strong><\/p><p style=\"padding-left: 40px\">1. Sprzeda\u017c realizowana jest w punkcie sprzeda\u017cy: 47-430 Rudy ul. Rogera 3a. Pe\u0142nomocnik,\u00a0<span style=\"font-size: 14px\">dzia\u0142aj\u0105c w imieniu Sprzedaj\u0105cego, odbiera Towary w punkcie sprzeda\u017cy, a nast\u0119pnie\u00a0<\/span><span style=\"font-size: 14px\">organizuje ich dor\u0119czenie Klientowi. Przy dor\u0119czeniu Pe\u0142nomocnik zastosuje procedur\u0119 \u201e18+\u201d.<\/span><\/p><p style=\"padding-left: 40px\">2. Sklep nie realizuje dostawy w\u0142asnej.<\/p><p style=\"padding-left: 40px\">3. Koszt dostawy prezentowany jest podczas sk\u0142adania zam\u00f3wienia.<\/p><p style=\"padding-left: 40px\">4. Kurier lub Pe\u0142nomocnik dor\u0119czaj\u0105cy Towar Klientowi ma obowi\u0105zek zweryfikowa\u0107\u00a0<span style=\"font-size: 14px\">pe\u0142noletno\u015b\u0107 odbiorcy poprzez okazanie dokumentu to\u017csamo\u015bci.<\/span><\/p><p style=\"padding-left: 40px\">5. W razie odmowy okazania dokumentu przesy\u0142ka nie zostanie wydana, a zam\u00f3wienie zostanie\u00a0<span style=\"font-size: 14px\">anulowane.<\/span><\/p><p><strong>\u00a7 9. Odbi\u00f3r osobisty<\/strong><\/p><p style=\"padding-left: 40px\">1. Odbi\u00f3r osobisty dost\u0119pny jest w pizzerii w punkcie sprzeda\u017cy: 47-430 Rudy ul. Rogera 3a<\/p><p style=\"padding-left: 40px\">2. Podczas odbioru Klient musi potwierdzi\u0107 pe\u0142noletno\u015b\u0107.<\/p><p><strong>\u00a7 10. Prawo odst\u0105pienia od umowy<\/strong><\/p><p style=\"padding-left: 40px\">1. Zgodnie z art. 38 ustawy o prawach konsumenta, zwrot alkoholu po otwarciu butelki nie jest\u00a0<span style=\"font-size: 14px\">mo\u017cliwy.<\/span><\/p><p style=\"padding-left: 40px\">2. Sklep przyjmuje zwroty alkoholu, je\u017celi:<\/p><ul><li style=\"list-style-type: none\"><ul><li style=\"list-style-type: none\"><ul><li>produkt jest nieotwarty,<\/li><li>nie nosi \u015blad\u00f3w u\u017cycia,<\/li><li>zg\u0142oszenie nast\u0105pi w ci\u0105gu 14 dni.<\/li><\/ul><\/li><\/ul><\/li><\/ul><p style=\"padding-left: 40px\">3. Koszt odes\u0142ania produktu ponosi Konsument.<\/p><p><strong>\u00a7 11. Reklamacje<\/strong><\/p><p style=\"padding-left: 40px\">1. Reklamacje Towar\u00f3w<\/p><p style=\"padding-left: 80px\">1. Reklamacje mo\u017cna sk\u0142ada\u0107 e-mailowo: kontakt@niebrowar.pl<\/p><p style=\"padding-left: 80px\">2. Reklamacja powinna zawiera\u0107:<\/p><ul><li style=\"list-style-type: none\"><ul><li style=\"list-style-type: none\"><ul><li style=\"list-style-type: none\"><ul><li style=\"list-style-type: none\"><ul><li>imi\u0119 i nazwisko,<\/li><li>dane kontaktowe,<\/li><li>numer zam\u00f3wienia,<\/li><li>opis wady,<\/li><li>zdj\u0119cia (opcjonalnie).<\/li><\/ul><\/li><\/ul><\/li><\/ul><\/li><\/ul><\/li><\/ul><p style=\"padding-left: 80px\">3. Sprzedawca rozpatruje reklamacj\u0119 w ci\u0105gu 14 dni.<\/p><p style=\"padding-left: 40px\">2. Reklamacje dostawy<\/p><p style=\"padding-left: 80px\">1. W przypadku uszkodzenia przesy\u0142ki Klient powinien sporz\u0105dzi\u0107 z kurierem protok\u00f3\u0142 szkody.<\/p><p style=\"padding-left: 80px\">2. W razie odmowy sporz\u0105dzenia protoko\u0142u Klient powinien odnotowa\u0107 odmow\u0119 i skontaktowa\u0107 si\u0119 ze Sprzedawc\u0105.<\/p><p><strong>\u00a7 12. Odpowiedzialno\u015b\u0107<\/strong><\/p><p style=\"padding-left: 40px\">1. Sprzedawca ogranicza odpowiedzialno\u015b\u0107 za op\u00f3\u017anienia dostaw, b\u0142\u0119dne dane Klienta oraz brak\u00a0<span style=\"font-size: 14px\">odbioru przesy\u0142ki.<\/span><\/p><p style=\"padding-left: 40px\">2. Odpowiedzialno\u015b\u0107 wobec Przedsi\u0119biorc\u00f3w ograniczona jest do warto\u015bci zam\u00f3wienia.<\/p><p style=\"padding-left: 40px\">3. Sprzeda\u017c mo\u017cliwa jest r\u00f3wnie\u017c osobom pe\u0142noletnim bez pe\u0142nej zdolno\u015bci do czynno\u015bci\u00a0\u00a0<span style=\"font-size: 14px\">prawnych.<\/span><\/p><p><strong>\u00a7 13. Konto u\u017cytkownika<\/strong><\/p><p style=\"padding-left: 40px\">1. Klient mo\u017ce za\u0142o\u017cy\u0107 konto lub dokona\u0107 zakupu bez rejestracji.<\/p><p style=\"padding-left: 40px\">2. Konto mo\u017cna usun\u0105\u0107 w dowolnym momencie.<\/p><p><strong>\u00a7 14. Dane osobowe (RODO)<\/strong><\/p><p style=\"padding-left: 40px\">1. Administratorem danych jest dobish&amp;prus sp. z o.o.<\/p><p style=\"padding-left: 40px\">2. Dane przetwarzane s\u0105 w celu realizacji zam\u00f3wienia, obs\u0142ugi konta, reklamacji oraz \u2013 po\u00a0\u00a0<span style=\"font-size: 14px\">wyra\u017ceniu zgody \u2013 marketingu.<\/span><\/p><p style=\"padding-left: 40px\">3. Klient ma prawo dost\u0119pu do danych, ich poprawienia, usuni\u0119cia, ograniczenia przetwarzania\u00a0<span style=\"font-size: 14px\">oraz wniesienia skargi do Prezesa UODO.<\/span><\/p><p style=\"padding-left: 40px\">4. Dane przetwarzane s\u0105 zgodnie z Polityk\u0105 Prywatno\u015bci Sklepu.<\/p><p><strong>\u00a7 15. Postanowienia ko\u0144cowe<\/strong><\/p><p style=\"padding-left: 40px\">1. Regulamin podlega prawu polskiemu.<\/p><p style=\"padding-left: 40px\">2. Spory z Konsumentami rozstrzygane s\u0105 przez s\u0105dy w\u0142a\u015bciwe zgodnie z przepisami prawa.<\/p><p style=\"padding-left: 40px\">3. Sprzedawca mo\u017ce zmieni\u0107 Regulamin, a zmiany obowi\u0105zuj\u0105 od chwili publikacji.<\/p>\t\t\t\t\t\t\t\t<\/div>\n\t\t\t\t<\/div>\n\t\t\t\t\t<\/div>\n\t\t<\/div>\n\t\t\t\t\t<\/div>\n\t\t<\/section>\n\t\t\t\t<\/div>\n\t\t","protected":false},"excerpt":{"rendered":"<p>Regulamin Sklepu Internetowego\u00a0obowi\u0105zuj\u0105cy od dnia publikacji \u00a7 1. Postanowienia og\u00f3lne 1. Niniejszy Regulamin okre\u015bla zasady korzystania ze Sklepu Internetowego dost\u0119pnego pod\u00a0\u00a0adresem https:\/\/www.niebrowar.pl\/, prowadzonego przez dobish@prus sp\u00f3\u0142ka z ograniczon\u0105\u00a0\u00a0odpowiedzialno\u015bci\u0105 z siedzib\u0105 w 47-430 Rudy ul. Rogera 3a NIP: 6392021022, REGON\u00a0\u00a0387510528, KRS 0000869563 2. Regulamin jest skierowany do Konsument\u00f3w i Przedsi\u0119biorc\u00f3w kupuj\u0105cych w Sklepie. 3. Sklep prowadzi [&hellip;]<\/p>\n","protected":false},"author":1,"featured_media":0,"parent":0,"menu_order":0,"comment_status":"closed","ping_status":"closed","template":"","meta":{"ocean_post_layout":"","ocean_both_sidebars_style":"","ocean_both_sidebars_content_width":0,"ocean_both_sidebars_sidebars_width":0,"ocean_sidebar":"","ocean_second_sidebar":"","ocean_disable_margins":"enable","ocean_add_body_class":"","ocean_shortcode_before_top_bar":"","ocean_shortcode_after_top_bar":"","ocean_shortcode_before_header":"","ocean_shortcode_after_header":"","ocean_has_shortcode":"","ocean_shortcode_after_title":"","ocean_shortcode_before_footer_widgets":"","ocean_shortcode_after_footer_widgets":"","ocean_shortcode_before_footer_bottom":"","ocean_shortcode_after_footer_bottom":"","ocean_display_top_bar":"default","ocean_display_header":"default","ocean_header_style":"","ocean_center_header_left_menu":"","ocean_custom_header_template":"","ocean_custom_logo":0,"ocean_custom_retina_logo":0,"ocean_custom_logo_max_width":0,"ocean_custom_logo_tablet_max_width":0,"ocean_custom_logo_mobile_max_width":0,"ocean_custom_logo_max_height":0,"ocean_custom_logo_tablet_max_height":0,"ocean_custom_logo_mobile_max_height":0,"ocean_header_custom_menu":"","ocean_menu_typo_font_family":"","ocean_menu_typo_font_subset":"","ocean_menu_typo_font_size":0,"ocean_menu_typo_font_size_tablet":0,"ocean_menu_typo_font_size_mobile":0,"ocean_menu_typo_font_size_unit":"px","ocean_menu_typo_font_weight":"","ocean_menu_typo_font_weight_tablet":"","ocean_menu_typo_font_weight_mobile":"","ocean_menu_typo_transform":"","ocean_menu_typo_transform_tablet":"","ocean_menu_typo_transform_mobile":"","ocean_menu_typo_line_height":0,"ocean_menu_typo_line_height_tablet":0,"ocean_menu_typo_line_height_mobile":0,"ocean_menu_typo_line_height_unit":"","ocean_menu_typo_spacing":0,"ocean_menu_typo_spacing_tablet":0,"ocean_menu_typo_spacing_mobile":0,"ocean_menu_typo_spacing_unit":"","ocean_menu_link_color":"","ocean_menu_link_color_hover":"","ocean_menu_link_color_active":"","ocean_menu_link_background":"","ocean_menu_link_hover_background":"","ocean_menu_link_active_background":"","ocean_menu_social_links_bg":"","ocean_menu_social_hover_links_bg":"","ocean_menu_social_links_color":"","ocean_menu_social_hover_links_color":"","ocean_disable_title":"default","ocean_disable_heading":"default","ocean_post_title":"","ocean_post_subheading":"","ocean_post_title_style":"","ocean_post_title_background_color":"","ocean_post_title_background":0,"ocean_post_title_bg_image_position":"","ocean_post_title_bg_image_attachment":"","ocean_post_title_bg_image_repeat":"","ocean_post_title_bg_image_size":"","ocean_post_title_height":0,"ocean_post_title_bg_overlay":0.5,"ocean_post_title_bg_overlay_color":"","ocean_disable_breadcrumbs":"default","ocean_breadcrumbs_color":"","ocean_breadcrumbs_separator_color":"","ocean_breadcrumbs_links_color":"","ocean_breadcrumbs_links_hover_color":"","ocean_display_footer_widgets":"default","ocean_display_footer_bottom":"default","ocean_custom_footer_template":"","omw_enable_modal_window":"enable","footnotes":""},"class_list":["post-565","page","type-page","status-publish","hentry","entry","owp-thumbs-layout-horizontal","owp-btn-normal","owp-tabs-layout-horizontal","has-no-thumbnails","has-product-nav"],"_links":{"self":[{"href":"https:\/\/niebrowar.pl\/index.php\/wp-json\/wp\/v2\/pages\/565","targetHints":{"allow":["GET"]}}],"collection":[{"href":"https:\/\/niebrowar.pl\/index.php\/wp-json\/wp\/v2\/pages"}],"about":[{"href":"https:\/\/niebrowar.pl\/index.php\/wp-json\/wp\/v2\/types\/page"}],"author":[{"embeddable":true,"href":"https:\/\/niebrowar.pl\/index.php\/wp-json\/wp\/v2\/users\/1"}],"replies":[{"embeddable":true,"href":"https:\/\/niebrowar.pl\/index.php\/wp-json\/wp\/v2\/comments?post=565"}],"version-history":[{"count":19,"href":"https:\/\/niebrowar.pl\/index.php\/wp-json\/wp\/v2\/pages\/565\/revisions"}],"predecessor-version":[{"id":591,"href":"https:\/\/niebrowar.pl\/index.php\/wp-json\/wp\/v2\/pages\/565\/revisions\/591"}],"wp:attachment":[{"href":"https:\/\/niebrowar.pl\/index.php\/wp-json\/wp\/v2\/media?parent=565"}],"curies":[{"name":"wp","href":"https:\/\/api.w.org\/{rel}","templated":true}]}}